{"id":17,"date":"2022-03-23T11:35:57","date_gmt":"2022-03-23T17:35:57","guid":{"rendered":"https:\/\/todopmp.com\/descargas\/?post_type=product&#038;p=17"},"modified":"2023-09-28T17:52:01","modified_gmt":"2023-09-28T22:52:01","slug":"guia-todopmp","status":"publish","type":"product","link":"https:\/\/todopmp.com\/descargas\/producto\/guia-todopmp\/","title":{"rendered":"Gu\u00eda TodoPMP"},"content":{"rendered":"<h2>\u00bfQu\u00e9 es la Gu\u00eda TodoPMP?<\/h2>\n<p class=\"pb_font-20\">Es un conjunto de\u00a0<strong>1000 diapositivas (y siguen aumentando)<\/strong>\u00a0que resumen todo lo que necesitas para obtener la certificaci\u00f3n como PMP\u00ae o simplemente para gestionar proyectos de manera organizada y profesional.<\/p>\n<p class=\"pb_font-20\">Se enfoca en los puntos m\u00e1s importantes para el examen de certificaci\u00f3n del PMI.<\/p>\n<p class=\"pb_font-20\">Contiene videos, ejemplos tipo examen de certificaci\u00f3n, herramientas, plantillas, recomendaciones y TODO lo que necesitas para aprender a gestionar proyectos de manera profesional y todo en un \u00fanico lugar.<\/p>\n<p class=\"pb_font-20\">Aprender\u00e1s a realizar\u00a0<strong>estimaciones de tiempos y costos<\/strong>\u00a0para proyectos profesionales.<\/p>\n<ul>\n<li>Los<strong>\u00a049 procesos de la Gu\u00eda PMBOK<\/strong>\u00a0ordenados seg\u00fan se realizan en la realidad.<\/li>\n<li>Encuentra\u00a0<strong>videos<\/strong>\u00a0recomendados que han ayudado a otros profesionales a certificarse.<\/li>\n<li>Realiza\u00a0<strong>ejercicios<\/strong>\u00a0que necesitas para aprender sobre\u00a0<strong>estimaci\u00f3n<\/strong>\u00a0de\u00a0<strong>tiempos<\/strong>,\u00a0<strong>costos<\/strong>,\u00a0<strong>rutas cr\u00edticas<\/strong>,\u00a0<strong>gesti\u00f3n del valor ganado<\/strong>\u00a0y m\u00e1s.<\/li>\n<li>Podr\u00e1s conocer diferentes sitios web que te ayudar\u00e1n a gestionar de mejor manera tus proyectos personales y profesionales.<\/li>\n<\/ul>\n<p>Este material esta orientado para estudiantes, profesionales que desean obtener la certificaci\u00f3n como PMP\u00ae y para aquellos que solo desean obtener los conocimientos necesarios para hacer que sus proyectos sean exitosos.<\/p>\n<p>Las 1000 diapositivas han sido utilizadas como apoyo en diplomados y cursos que se han impartido en diferentes instituciones, universidades e incluso en su primer versi\u00f3n, sirvi\u00f3 para grabar un curso completo sobre administraci\u00f3n de proyectos.<\/p>\n<div class=\"item\">\n<div id=\"pb_faq4\" class=\"collapse show\" role=\"tabpanel\">\n<div class=\"py-3\">\n<p><strong>Una de las ventajas de esta nueva versi\u00f3n es que ahora puede descargarse para consulta offline.<\/strong><\/p>\n<div class=\"item\">\n<div id=\"pb_faq7\" class=\"collapse show\" role=\"tabpanel\">\n<div class=\"py-3\">\n<p>Este material fue realizado para compartir conocimiento, as\u00ed que puedes usar esta Gu\u00eda como tu decidas, en tu empresa, oficina y hasta en tus cursos. Lo \u00fanico que necesitas es registrarte en el sitio y realizar una aportaci\u00f3n para recuperaci\u00f3n.<\/p>\n<\/div>\n<\/div>\n<\/div>\n<\/div>\n<\/div>\n<\/div>\n","protected":false},"excerpt":{"rendered":"<p class=\"mb-4\">Nueva Gu\u00eda\u00a0<a href=\"https:\/\/todopmp.com\/\" target=\"_blank\" rel=\"noopener noreferrer\">TodoPMP<\/a>\u00a0para certificarse como Project Management Professional PMP\u00ae con 1000 diapositivas\u00a0<strong>PARA DESCARGAR.<\/strong><\/p>\n<p>Aprender a estimar tiempos y costos en tus proyectos.<\/p>\n<p><strong>Esta Gu\u00eda ha sido utilizada en m\u00e1s de 20 diplomados y cursos en diferentes instituciones y universidades.<\/strong><\/p>\n<p>La cantidad de usuarios que visitan el sitio de\u00a0<a href=\"https:\/\/todopmp.com\/\" target=\"_blank\" rel=\"noopener noreferrer\">todopmp.com<\/a>\u00a0es grande en la actualidad, es por eso que te pido me ayudes a mantener el sitio con todo el tr\u00e1fico que se ha generado con un peque\u00f1o costo de recuperaci\u00f3n de $9.99 d\u00f3lares para poder mantener la inversi\u00f3n del hosting y que el sitio se mantenga de estos ingresos.<\/p>\n<p>M\u00e1s informaci\u00f3n en\u00a0<a href=\"https:\/\/todopmp.com\/guia-pmp\/\" target=\"_blank\" rel=\"noopener noreferrer\">https:\/\/todopmp.com\/guia-pmp\/<\/a><\/p>\n","protected":false},"featured_media":14,"template":"","meta":[],"product_cat":[17],"product_tag":[],"class_list":{"0":"post-17","1":"product","2":"type-product","3":"status-publish","4":"has-post-thumbnail","6":"product_cat-project-management","8":"first","9":"instock","10":"sale","11":"downloadable","12":"virtual","13":"purchasable","14":"product-type-simple"},"yoast_head":"<!-- This site is optimized with the Yoast SEO plugin v22.9 - https:\/\/yoast.com\/wordpress\/plugins\/seo\/ -->\n<title>Gu\u00eda TodoPMP - Descargas TodoPMP<\/title>\n<meta name=\"robots\" content=\"index, follow, max-snippet:-1, max-image-preview:large, max-video-preview:-1\" \/>\n<link rel=\"canonical\" href=\"https:\/\/todopmp.com\/descargas\/producto\/guia-todopmp\/\" \/>\n<meta property=\"og:locale\" content=\"es_MX\" \/>\n<meta property=\"og:type\" content=\"article\" \/>\n<meta property=\"og:title\" content=\"Gu\u00eda TodoPMP - Descargas TodoPMP\" \/>\n<meta property=\"og:description\" content=\"Nueva Gu\u00eda\u00a0TodoPMP\u00a0para certificarse como Project Management Professional PMP\u00ae con 1000 diapositivas\u00a0PARA DESCARGAR. Aprender a estimar tiempos y costos en tus proyectos.  Esta Gu\u00eda ha sido utilizada en m\u00e1s de 20 diplomados y cursos en diferentes instituciones y universidades.  La cantidad de usuarios que visitan el sitio de\u00a0todopmp.com\u00a0es grande en la actualidad, es por eso que te pido me ayudes a mantener el sitio con todo el tr\u00e1fico que se ha generado con un peque\u00f1o costo de recuperaci\u00f3n de $9.99 d\u00f3lares para poder mantener la inversi\u00f3n del hosting y que el sitio se mantenga de estos ingresos.  M\u00e1s informaci\u00f3n en\u00a0https:\/\/todopmp.com\/guia-pmp\/\" \/>\n<meta property=\"og:url\" content=\"https:\/\/todopmp.com\/descargas\/producto\/guia-todopmp\/\" \/>\n<meta property=\"og:site_name\" content=\"Descargas TodoPMP\" \/>\n<meta property=\"article:modified_time\" content=\"2023-09-28T22:52:01+00:00\" \/>\n<meta property=\"og:image\" content=\"https:\/\/todopmp.com\/descargas\/wp-content\/uploads\/2022\/03\/Guia_todopmp_2022.jpg\" \/>\n\t<meta property=\"og:image:width\" content=\"1323\" \/>\n\t<meta property=\"og:image:height\" content=\"992\" \/>\n\t<meta property=\"og:image:type\" content=\"image\/jpeg\" \/>\n<meta name=\"twitter:card\" content=\"summary_large_image\" \/>\n<meta name=\"twitter:label1\" content=\"Tiempo de lectura\" \/>\n\t<meta name=\"twitter:data1\" content=\"2 minutos\" \/>\n<script type=\"application\/ld+json\" class=\"yoast-schema-graph\">{\"@context\":\"https:\/\/schema.org\",\"@graph\":[{\"@type\":\"WebPage\",\"@id\":\"https:\/\/todopmp.com\/descargas\/producto\/guia-todopmp\/\",\"url\":\"https:\/\/todopmp.com\/descargas\/producto\/guia-todopmp\/\",\"name\":\"Gu\u00eda TodoPMP - Descargas TodoPMP\",\"isPartOf\":{\"@id\":\"https:\/\/todopmp.com\/descargas\/#website\"},\"primaryImageOfPage\":{\"@id\":\"https:\/\/todopmp.com\/descargas\/producto\/guia-todopmp\/#primaryimage\"},\"image\":{\"@id\":\"https:\/\/todopmp.com\/descargas\/producto\/guia-todopmp\/#primaryimage\"},\"thumbnailUrl\":\"https:\/\/todopmp.com\/descargas\/wp-content\/uploads\/2022\/03\/Guia_todopmp_2022.jpg\",\"datePublished\":\"2022-03-23T17:35:57+00:00\",\"dateModified\":\"2023-09-28T22:52:01+00:00\",\"breadcrumb\":{\"@id\":\"https:\/\/todopmp.com\/descargas\/producto\/guia-todopmp\/#breadcrumb\"},\"inLanguage\":\"es\",\"potentialAction\":[{\"@type\":\"ReadAction\",\"target\":[\"https:\/\/todopmp.com\/descargas\/producto\/guia-todopmp\/\"]}]},{\"@type\":\"ImageObject\",\"inLanguage\":\"es\",\"@id\":\"https:\/\/todopmp.com\/descargas\/producto\/guia-todopmp\/#primaryimage\",\"url\":\"https:\/\/todopmp.com\/descargas\/wp-content\/uploads\/2022\/03\/Guia_todopmp_2022.jpg\",\"contentUrl\":\"https:\/\/todopmp.com\/descargas\/wp-content\/uploads\/2022\/03\/Guia_todopmp_2022.jpg\",\"width\":1323,\"height\":992,\"caption\":\"Guia_todopmp_2022\"},{\"@type\":\"BreadcrumbList\",\"@id\":\"https:\/\/todopmp.com\/descargas\/producto\/guia-todopmp\/#breadcrumb\",\"itemListElement\":[{\"@type\":\"ListItem\",\"position\":1,\"name\":\"Inicio\",\"item\":\"https:\/\/todopmp.com\/descargas\/\"},{\"@type\":\"ListItem\",\"position\":2,\"name\":\"Tienda\",\"item\":\"https:\/\/todopmp.com\/descargas\/\"},{\"@type\":\"ListItem\",\"position\":3,\"name\":\"Gu\u00eda TodoPMP\"}]},{\"@type\":\"WebSite\",\"@id\":\"https:\/\/todopmp.com\/descargas\/#website\",\"url\":\"https:\/\/todopmp.com\/descargas\/\",\"name\":\"Descargas TodoPMP\",\"description\":\"Descarga todos los contenidos de TodoPMP para ayudar en tu proceso de certificaci\u00f3n Project Management Professional (PMP)\u00ae\",\"potentialAction\":[{\"@type\":\"SearchAction\",\"target\":{\"@type\":\"EntryPoint\",\"urlTemplate\":\"https:\/\/todopmp.com\/descargas\/?s={search_term_string}\"},\"query-input\":\"required name=search_term_string\"}],\"inLanguage\":\"es\"}]}<\/script>\n<!-- \/ Yoast SEO plugin. -->","yoast_head_json":{"title":"Gu\u00eda TodoPMP - Descargas TodoPMP","robots":{"index":"index","follow":"follow","max-snippet":"max-snippet:-1","max-image-preview":"max-image-preview:large","max-video-preview":"max-video-preview:-1"},"canonical":"https:\/\/todopmp.com\/descargas\/producto\/guia-todopmp\/","og_locale":"es_MX","og_type":"article","og_title":"Gu\u00eda TodoPMP - Descargas TodoPMP","og_description":"Nueva Gu\u00eda\u00a0TodoPMP\u00a0para certificarse como Project Management Professional PMP\u00ae con 1000 diapositivas\u00a0PARA DESCARGAR. Aprender a estimar tiempos y costos en tus proyectos.  Esta Gu\u00eda ha sido utilizada en m\u00e1s de 20 diplomados y cursos en diferentes instituciones y universidades.  La cantidad de usuarios que visitan el sitio de\u00a0todopmp.com\u00a0es grande en la actualidad, es por eso que te pido me ayudes a mantener el sitio con todo el tr\u00e1fico que se ha generado con un peque\u00f1o costo de recuperaci\u00f3n de $9.99 d\u00f3lares para poder mantener la inversi\u00f3n del hosting y que el sitio se mantenga de estos ingresos.  M\u00e1s informaci\u00f3n en\u00a0https:\/\/todopmp.com\/guia-pmp\/","og_url":"https:\/\/todopmp.com\/descargas\/producto\/guia-todopmp\/","og_site_name":"Descargas TodoPMP","article_modified_time":"2023-09-28T22:52:01+00:00","og_image":[{"width":1323,"height":992,"url":"https:\/\/todopmp.com\/descargas\/wp-content\/uploads\/2022\/03\/Guia_todopmp_2022.jpg","type":"image\/jpeg"}],"twitter_card":"summary_large_image","twitter_misc":{"Tiempo de lectura":"2 minutos"},"schema":{"@context":"https:\/\/schema.org","@graph":[{"@type":"WebPage","@id":"https:\/\/todopmp.com\/descargas\/producto\/guia-todopmp\/","url":"https:\/\/todopmp.com\/descargas\/producto\/guia-todopmp\/","name":"Gu\u00eda TodoPMP - Descargas TodoPMP","isPartOf":{"@id":"https:\/\/todopmp.com\/descargas\/#website"},"primaryImageOfPage":{"@id":"https:\/\/todopmp.com\/descargas\/producto\/guia-todopmp\/#primaryimage"},"image":{"@id":"https:\/\/todopmp.com\/descargas\/producto\/guia-todopmp\/#primaryimage"},"thumbnailUrl":"https:\/\/todopmp.com\/descargas\/wp-content\/uploads\/2022\/03\/Guia_todopmp_2022.jpg","datePublished":"2022-03-23T17:35:57+00:00","dateModified":"2023-09-28T22:52:01+00:00","breadcrumb":{"@id":"https:\/\/todopmp.com\/descargas\/producto\/guia-todopmp\/#breadcrumb"},"inLanguage":"es","potentialAction":[{"@type":"ReadAction","target":["https:\/\/todopmp.com\/descargas\/producto\/guia-todopmp\/"]}]},{"@type":"ImageObject","inLanguage":"es","@id":"https:\/\/todopmp.com\/descargas\/producto\/guia-todopmp\/#primaryimage","url":"https:\/\/todopmp.com\/descargas\/wp-content\/uploads\/2022\/03\/Guia_todopmp_2022.jpg","contentUrl":"https:\/\/todopmp.com\/descargas\/wp-content\/uploads\/2022\/03\/Guia_todopmp_2022.jpg","width":1323,"height":992,"caption":"Guia_todopmp_2022"},{"@type":"BreadcrumbList","@id":"https:\/\/todopmp.com\/descargas\/producto\/guia-todopmp\/#breadcrumb","itemListElement":[{"@type":"ListItem","position":1,"name":"Inicio","item":"https:\/\/todopmp.com\/descargas\/"},{"@type":"ListItem","position":2,"name":"Tienda","item":"https:\/\/todopmp.com\/descargas\/"},{"@type":"ListItem","position":3,"name":"Gu\u00eda TodoPMP"}]},{"@type":"WebSite","@id":"https:\/\/todopmp.com\/descargas\/#website","url":"https:\/\/todopmp.com\/descargas\/","name":"Descargas TodoPMP","description":"Descarga todos los contenidos de TodoPMP para ayudar en tu proceso de certificaci\u00f3n Project Management Professional (PMP)\u00ae","potentialAction":[{"@type":"SearchAction","target":{"@type":"EntryPoint","urlTemplate":"https:\/\/todopmp.com\/descargas\/?s={search_term_string}"},"query-input":"required name=search_term_string"}],"inLanguage":"es"}]}},"_links":{"self":[{"href":"https:\/\/todopmp.com\/descargas\/wp-json\/wp\/v2\/product\/17","targetHints":{"allow":["GET"]}}],"collection":[{"href":"https:\/\/todopmp.com\/descargas\/wp-json\/wp\/v2\/product"}],"about":[{"href":"https:\/\/todopmp.com\/descargas\/wp-json\/wp\/v2\/types\/product"}],"wp:featuredmedia":[{"embeddable":true,"href":"https:\/\/todopmp.com\/descargas\/wp-json\/wp\/v2\/media\/14"}],"wp:attachment":[{"href":"https:\/\/todopmp.com\/descargas\/wp-json\/wp\/v2\/media?parent=17"}],"wp:term":[{"taxonomy":"product_cat","embeddable":true,"href":"https:\/\/todopmp.com\/descargas\/wp-json\/wp\/v2\/product_cat?post=17"},{"taxonomy":"product_tag","embeddable":true,"href":"https:\/\/todopmp.com\/descargas\/wp-json\/wp\/v2\/product_tag?post=17"}],"curies":[{"name":"wp","href":"https:\/\/api.w.org\/{rel}","templated":true}]}}